{"id":3137,"date":"2023-05-29T13:06:24","date_gmt":"2023-05-29T13:06:24","guid":{"rendered":"https:\/\/new.oranzovaobalka.sk\/contact\/"},"modified":"2023-07-24T11:57:43","modified_gmt":"2023-07-24T11:57:43","slug":"contact","status":"publish","type":"page","link":"https:\/\/oranzovaobalka.sk\/en\/contact\/","title":{"rendered":"Contact"},"content":{"rendered":"\t\t<div data-elementor-type=\"wp-page\" data-elementor-id=\"3137\" class=\"elementor elementor-3137 elementor-2723\" data-elementor-post-type=\"page\">\n\t\t\t\t<div class=\"elementor-element elementor-element-6514a69 e-flex e-con-boxed e-con e-parent\" data-id=\"6514a69\" data-element_type=\"container\" data-e-type=\"container\">\n\t\t\t\t\t<div class=\"e-con-inner\">\n\t\t<div class=\"elementor-element elementor-element-898fad6 e-con-full e-flex e-con e-child\" data-id=\"898fad6\" data-element_type=\"container\" data-e-type=\"container\">\n\t\t\t\t<div class=\"elementor-element elementor-element-bcd3a44 elementor-widget__width-initial elementor-widget elementor-widget-text-editor\" data-id=\"bcd3a44\" data-element_type=\"widget\" data-e-type=\"widget\" data-widget_type=\"text-editor.default\">\n\t\t\t\t<div class=\"elementor-widget-container\">\n\t\t\t\t\t\t\t\t\t<h1 id=\"contact\" title=\"Contact\">Contact\n\t\t\t<span class=\"ancora\"><img decoding=\"async\" src=\"https:\/\/oranzovaobalka.sk\/wp-content\/uploads\/2023\/07\/linkCopy.svg\" alt=\"Skop\u00edrova\u0165 odkaz\"><\/span>\n\t\t\t<\/h1>\n<p>Need help? Email us. We will contact you and we will be glad to help you.<\/p>\n\t\t\t\t\t\t\t\t<\/div>\n\t\t\t\t<\/div>\n\t\t\t\t<div class=\"elementor-element elementor-element-47bfe8c elementor-view-stacked elementor-shape-square elementor-position-inline-start elementor-widget__width-initial elementor-mobile-position-inline-start elementor-hidden-desktop elementor-hidden-tablet elementor-hidden-mobile elementor-widget elementor-widget-icon-box\" data-id=\"47bfe8c\" data-element_type=\"widget\" data-e-type=\"widget\" data-widget_type=\"icon-box.default\">\n\t\t\t\t<div class=\"elementor-widget-container\">\n\t\t\t\t\t\t\t<div class=\"elementor-icon-box-wrapper\">\n\n\t\t\t\t\t\t<div class=\"elementor-icon-box-icon\">\n\t\t\t\t<span  class=\"elementor-icon\">\n\t\t\t\t<svg aria-hidden=\"true\" class=\"e-font-icon-svg e-fas-phone-alt\" viewBox=\"0 0 512 512\" xmlns=\"http:\/\/www.w3.org\/2000\/svg\"><path d=\"M497.39 361.8l-112-48a24 24 0 0 0-28 6.9l-49.6 60.6A370.66 370.66 0 0 1 130.6 204.11l60.6-49.6a23.94 23.94 0 0 0 6.9-28l-48-112A24.16 24.16 0 0 0 122.6.61l-104 24A24 24 0 0 0 0 48c0 256.5 207.9 464 464 464a24 24 0 0 0 23.4-18.6l24-104a24.29 24.29 0 0 0-14.01-27.6z\"><\/path><\/svg>\t\t\t\t<\/span>\n\t\t\t<\/div>\n\t\t\t\n\t\t\t\t\t\t<div class=\"elementor-icon-box-content\">\n\n\t\t\t\t\t\t\t\t\t<h2 class=\"elementor-icon-box-title\">\n\t\t\t\t\t\t<span  >\n\t\t\t\t\t\t\tPhone\t\t\t\t\t\t<\/span>\n\t\t\t\t\t<\/h2>\n\t\t\t\t\n\t\t\t\t\t\t\t\t\t<p class=\"elementor-icon-box-description\">\n\t\t\t\t\t\t<a href=\"tel:0950229121\">+421 950 229 121<\/a>\t\t\t\t\t<\/p>\n\t\t\t\t\n\t\t\t<\/div>\n\t\t\t\n\t\t<\/div>\n\t\t\t\t\t\t<\/div>\n\t\t\t\t<\/div>\n\t\t\t\t<div class=\"elementor-element elementor-element-e357dcc elementor-view-stacked elementor-shape-square elementor-position-inline-start elementor-widget__width-initial elementor-mobile-position-inline-start elementor-widget elementor-widget-icon-box\" data-id=\"e357dcc\" data-element_type=\"widget\" data-e-type=\"widget\" data-widget_type=\"icon-box.default\">\n\t\t\t\t<div class=\"elementor-widget-container\">\n\t\t\t\t\t\t\t<div class=\"elementor-icon-box-wrapper\">\n\n\t\t\t\t\t\t<div class=\"elementor-icon-box-icon\">\n\t\t\t\t<span  class=\"elementor-icon\">\n\t\t\t\t<svg aria-hidden=\"true\" class=\"e-font-icon-svg e-fas-comment-alt\" viewBox=\"0 0 512 512\" xmlns=\"http:\/\/www.w3.org\/2000\/svg\"><path d=\"M448 0H64C28.7 0 0 28.7 0 64v288c0 35.3 28.7 64 64 64h96v84c0 9.8 11.2 15.5 19.1 9.7L304 416h144c35.3 0 64-28.7 64-64V64c0-35.3-28.7-64-64-64z\"><\/path><\/svg>\t\t\t\t<\/span>\n\t\t\t<\/div>\n\t\t\t\n\t\t\t\t\t\t<div class=\"elementor-icon-box-content\">\n\n\t\t\t\t\t\t\t\t\t<h2 class=\"elementor-icon-box-title\">\n\t\t\t\t\t\t<span  >\n\t\t\t\t\t\t\tE-mail\t\t\t\t\t\t<\/span>\n\t\t\t\t\t<\/h2>\n\t\t\t\t\n\t\t\t\t\t\t\t\t\t<p class=\"elementor-icon-box-description\">\n\t\t\t\t\t\t<a href=\"mailto:info@oranzovaobalka.sk\">info@oranzovaobalka.sk<\/a>\t\t\t\t\t<\/p>\n\t\t\t\t\n\t\t\t<\/div>\n\t\t\t\n\t\t<\/div>\n\t\t\t\t\t\t<\/div>\n\t\t\t\t<\/div>\n\t\t<div class=\"elementor-element elementor-element-f29102a e-flex e-con-boxed e-con e-child\" data-id=\"f29102a\" data-element_type=\"container\" data-e-type=\"container\">\n\t\t\t\t\t<div class=\"e-con-inner\">\n\t\t\t\t<div class=\"elementor-element elementor-element-4197d7c elementor-widget__width-initial elementor-widget elementor-widget-image\" data-id=\"4197d7c\" data-element_type=\"widget\" data-e-type=\"widget\" data-widget_type=\"image.default\">\n\t\t\t\t<div class=\"elementor-widget-container\">\n\t\t\t\t\t\t\t\t\t\t\t\t\t\t\t<img fetchpriority=\"high\" decoding=\"async\" width=\"486\" height=\"486\" src=\"https:\/\/oranzovaobalka.sk\/wp-content\/uploads\/2023\/06\/iso9001-6ffb2f4cac102ebc72864b3309e1481d.png\" class=\"attachment-large size-large wp-image-3427\" alt=\"\" srcset=\"https:\/\/oranzovaobalka.sk\/wp-content\/uploads\/2023\/06\/iso9001-6ffb2f4cac102ebc72864b3309e1481d.png 486w, https:\/\/oranzovaobalka.sk\/wp-content\/uploads\/2023\/06\/iso9001-6ffb2f4cac102ebc72864b3309e1481d-300x300.png 300w, https:\/\/oranzovaobalka.sk\/wp-content\/uploads\/2023\/06\/iso9001-6ffb2f4cac102ebc72864b3309e1481d-150x150.png 150w\" sizes=\"(max-width: 486px) 100vw, 486px\" \/>\t\t\t\t\t\t\t\t\t\t\t\t\t\t\t<\/div>\n\t\t\t\t<\/div>\n\t\t\t\t<div class=\"elementor-element elementor-element-c2e9822 elementor-widget__width-initial elementor-widget-mobile__width-inherit elementor-widget elementor-widget-text-editor\" data-id=\"c2e9822\" data-element_type=\"widget\" data-e-type=\"widget\" data-widget_type=\"text-editor.default\">\n\t\t\t\t<div class=\"elementor-widget-container\">\n\t\t\t\t\t\t\t\t\t<p>The company holds a quality Management System Certificate for:<\/p>\n<ul>\n<li>Research and development in the field of natural, technical, social sciences and humanities<\/li>\n<li>Data mining, data analysis, data management, simulation and projection modelling.<\/li>\n<\/ul>\n\t\t\t\t\t\t\t\t<\/div>\n\t\t\t\t<\/div>\n\t\t\t\t\t<\/div>\n\t\t\t\t<\/div>\n\t\t\t\t<\/div>\n\t\t\t\t<div class=\"elementor-element elementor-element-690ef7a elementor-button-align-stretch elementor-widget elementor-widget-form\" data-id=\"690ef7a\" data-element_type=\"widget\" data-e-type=\"widget\" data-settings=\"{&quot;step_next_label&quot;:&quot;Next&quot;,&quot;step_previous_label&quot;:&quot;Previous&quot;,&quot;button_width&quot;:&quot;100&quot;,&quot;step_type&quot;:&quot;number_text&quot;,&quot;step_icon_shape&quot;:&quot;circle&quot;}\" data-widget_type=\"form.default\">\n\t\t\t\t<div class=\"elementor-widget-container\">\n\t\t\t\t\t\t\t<form class=\"elementor-form\" method=\"post\" name=\"Contact\" aria-label=\"Contact\">\n\t\t\t<input type=\"hidden\" name=\"post_id\" value=\"3137\"\/>\n\t\t\t<input type=\"hidden\" name=\"form_id\" value=\"690ef7a\"\/>\n\t\t\t<input type=\"hidden\" name=\"referer_title\" value=\"Oran\u017eov\u00e1 Ob\u00e1lka\" \/>\n\n\t\t\t\n\t\t\t<div class=\"elementor-form-fields-wrapper elementor-labels-above\">\n\t\t\t\t\t\t\t\t<div class=\"elementor-field-type-select elementor-field-group elementor-column elementor-field-group-oblast elementor-col-100\">\n\t\t\t\t\t\t\t\t\t\t\t\t<label for=\"form-field-oblast\" class=\"elementor-field-label\">\n\t\t\t\t\t\t\t\tTopic\t\t\t\t\t\t\t<\/label>\n\t\t\t\t\t\t\t\t<div class=\"elementor-field elementor-select-wrapper remove-before \">\n\t\t\t<div class=\"select-caret-down-wrapper\">\n\t\t\t\t<svg aria-hidden=\"true\" class=\"e-font-icon-svg e-eicon-caret-down\" viewBox=\"0 0 571.4 571.4\" xmlns=\"http:\/\/www.w3.org\/2000\/svg\"><path d=\"M571 393Q571 407 561 418L311 668Q300 679 286 679T261 668L11 418Q0 407 0 393T11 368 36 357H536Q550 357 561 368T571 393Z\"><\/path><\/svg>\t\t\t<\/div>\n\t\t\t<select name=\"form_fields[oblast]\" id=\"form-field-oblast\" class=\"elementor-field-textual elementor-size-sm\">\n\t\t\t\t\t\t\t\t\t<option value=\"General\">General<\/option>\n\t\t\t\t\t\t\t\t\t<option value=\"Insurance\">Insurance<\/option>\n\t\t\t\t\t\t\t\t\t<option value=\"Pensions, PEPP\">Pensions, PEPP<\/option>\n\t\t\t\t\t\t\t\t\t<option value=\"Investments\">Investments<\/option>\n\t\t\t\t\t\t\t\t\t<option value=\"Loans\">Loans<\/option>\n\t\t\t\t\t\t\t\t\t<option value=\"Report an error\">Report an error<\/option>\n\t\t\t\t\t\t\t<\/select>\n\t\t<\/div>\n\t\t\t\t\t\t<\/div>\n\t\t\t\t\t\t\t\t<div class=\"elementor-field-type-text elementor-field-group elementor-column elementor-field-group-meno elementor-col-100\">\n\t\t\t\t\t\t\t\t\t\t\t\t<label for=\"form-field-meno\" class=\"elementor-field-label\">\n\t\t\t\t\t\t\t\tName\t\t\t\t\t\t\t<\/label>\n\t\t\t\t\t\t\t\t\t\t\t\t\t\t<input size=\"1\" type=\"text\" name=\"form_fields[meno]\" id=\"form-field-meno\" class=\"elementor-field elementor-size-sm  elementor-field-textual\" placeholder=\"Oran\u017eov\u00e1 Ob\u00e1lka\">\n\t\t\t\t\t\t\t\t\t\t\t<\/div>\n\t\t\t\t\t\t\t\t<div class=\"elementor-field-type-email elementor-field-group elementor-column elementor-field-group-email elementor-col-100 elementor-field-required elementor-mark-required\">\n\t\t\t\t\t\t\t\t\t\t\t\t<label for=\"form-field-email\" class=\"elementor-field-label\">\n\t\t\t\t\t\t\t\tE-mail\t\t\t\t\t\t\t<\/label>\n\t\t\t\t\t\t\t\t\t\t\t\t\t\t<input size=\"1\" type=\"email\" name=\"form_fields[email]\" id=\"form-field-email\" class=\"elementor-field elementor-size-sm  elementor-field-textual\" placeholder=\"Email\" required=\"required\">\n\t\t\t\t\t\t\t\t\t\t\t<\/div>\n\t\t\t\t\t\t\t\t<div class=\"elementor-field-type-textarea elementor-field-group elementor-column elementor-field-group-sprava elementor-col-100\">\n\t\t\t\t\t\t\t\t\t\t\t\t<label for=\"form-field-sprava\" class=\"elementor-field-label\">\n\t\t\t\t\t\t\t\tMessage\t\t\t\t\t\t\t<\/label>\n\t\t\t\t\t\t<textarea class=\"elementor-field-textual elementor-field  elementor-size-sm\" name=\"form_fields[sprava]\" id=\"form-field-sprava\" rows=\"4\" placeholder=\"I am writing to you because ...\"><\/textarea>\t\t\t\t<\/div>\n\t\t\t\t\t\t\t\t<div class=\"elementor-field-type-acceptance elementor-field-group elementor-column elementor-field-group-field_d2cb184 elementor-col-100 elementor-field-required elementor-mark-required\">\n\t\t\t\t\t\t\t<div class=\"elementor-field-subgroup\">\n\t\t\t<span class=\"elementor-field-option\">\n\t\t\t\t<input type=\"checkbox\" name=\"form_fields[field_d2cb184]\" id=\"form-field-field_d2cb184\" class=\"elementor-field elementor-size-sm  elementor-acceptance-field\" required=\"required\">\n\t\t\t\t<label for=\"form-field-field_d2cb184\">&nbsp; I have read the <a target=\"_blank\" href=\"https:\/\/oranzovaobalka.sk\/ochrana-osobnych-udajov\/\">privacy policy<\/a><\/label>\t\t\t<\/span>\n\t\t<\/div>\n\t\t\t\t\t\t<\/div>\n\t\t\t\t\t\t\t\t<div class=\"elementor-field-group elementor-column elementor-field-type-submit elementor-col-100 e-form__buttons\">\n\t\t\t\t\t<button class=\"elementor-button elementor-size-sm\" type=\"submit\">\n\t\t\t\t\t\t<span class=\"elementor-button-content-wrapper\">\n\t\t\t\t\t\t\t\t\t\t\t\t\t\t\t\t\t\t\t\t\t\t<span class=\"elementor-button-text\">Send<\/span>\n\t\t\t\t\t\t\t\t\t\t\t\t\t<\/span>\n\t\t\t\t\t<\/button>\n\t\t\t\t<\/div>\n\t\t\t<\/div>\n\t\t<\/form>\n\t\t\t\t\t\t<\/div>\n\t\t\t\t<\/div>\n\t\t\t\t\t<\/div>\n\t\t\t\t<\/div>\n\t\t\t\t<\/div>\n\t\t","protected":false},"excerpt":{"rendered":"<p>Contact Need help? Email us. We will contact you and we will be glad to help you. Phone +421 950 229 121 E-mail info@oranzovaobalka.sk The company holds a quality Management System Certificate for: Research and development in the field of natural, technical, social sciences and humanities Data mining, data analysis, data management, simulation and projection [&hellip;]<\/p>\n","protected":false},"author":1,"featured_media":0,"parent":0,"menu_order":0,"comment_status":"closed","ping_status":"closed","template":"elementor_header_footer","meta":{"footnotes":""},"class_list":["post-3137","page","type-page","status-publish","hentry"],"acf":[],"yoast_head":"<!-- This site is optimized with the Yoast SEO plugin v26.9 - https:\/\/yoast.com\/product\/yoast-seo-wordpress\/ -->\n<title>Contact &#8226; Oran\u017eov\u00e1 Ob\u00e1lka<\/title>\n<meta name=\"description\" content=\"Need help? Contact us. Get in touch and we&#039;ll be happy to help. The operator of the Orange Envelope portal is METTERIS, spol. s.r.o.\" \/>\n<meta name=\"robots\" content=\"index, follow, max-snippet:-1, max-image-preview:large, max-video-preview:-1\" \/>\n<link rel=\"canonical\" href=\"https:\/\/oranzovaobalka.sk\/en\/contact\/\" \/>\n<meta property=\"og:locale\" content=\"en_US\" \/>\n<meta property=\"og:type\" content=\"article\" \/>\n<meta property=\"og:title\" content=\"Contact &#8226; Oran\u017eov\u00e1 Ob\u00e1lka\" \/>\n<meta property=\"og:description\" content=\"Need help? Contact us. Get in touch and we&#039;ll be happy to help. The operator of the Orange Envelope portal is METTERIS, spol. s.r.o.\" \/>\n<meta property=\"og:url\" content=\"https:\/\/oranzovaobalka.sk\/en\/contact\/\" \/>\n<meta property=\"og:site_name\" content=\"Oran\u017eov\u00e1 Ob\u00e1lka\" \/>\n<meta property=\"article:publisher\" content=\"https:\/\/www.facebook.com\/oranzovaobalka\" \/>\n<meta property=\"article:modified_time\" content=\"2023-07-24T11:57:43+00:00\" \/>\n<meta property=\"og:image\" content=\"https:\/\/oranzovaobalka.sk\/wp-content\/uploads\/2023\/06\/iso9001-6ffb2f4cac102ebc72864b3309e1481d.png\" \/>\n<meta name=\"twitter:card\" content=\"summary_large_image\" \/>\n<script type=\"application\/ld+json\" class=\"yoast-schema-graph\">{\"@context\":\"https:\/\/schema.org\",\"@graph\":[{\"@type\":\"WebPage\",\"@id\":\"https:\/\/oranzovaobalka.sk\/en\/contact\/\",\"url\":\"https:\/\/oranzovaobalka.sk\/en\/contact\/\",\"name\":\"Contact &#8226; Oran\u017eov\u00e1 Ob\u00e1lka\",\"isPartOf\":{\"@id\":\"https:\/\/oranzovaobalka.sk\/en\/#website\"},\"primaryImageOfPage\":{\"@id\":\"https:\/\/oranzovaobalka.sk\/en\/contact\/#primaryimage\"},\"image\":{\"@id\":\"https:\/\/oranzovaobalka.sk\/en\/contact\/#primaryimage\"},\"thumbnailUrl\":\"https:\/\/oranzovaobalka.sk\/wp-content\/uploads\/2023\/06\/iso9001-6ffb2f4cac102ebc72864b3309e1481d.png\",\"datePublished\":\"2023-05-29T13:06:24+00:00\",\"dateModified\":\"2023-07-24T11:57:43+00:00\",\"description\":\"Need help? Contact us. Get in touch and we'll be happy to help. The operator of the Orange Envelope portal is METTERIS, spol. s.r.o.\",\"breadcrumb\":{\"@id\":\"https:\/\/oranzovaobalka.sk\/en\/contact\/#breadcrumb\"},\"inLanguage\":\"en-US\",\"potentialAction\":[{\"@type\":\"ReadAction\",\"target\":[\"https:\/\/oranzovaobalka.sk\/en\/contact\/\"]}]},{\"@type\":\"ImageObject\",\"inLanguage\":\"en-US\",\"@id\":\"https:\/\/oranzovaobalka.sk\/en\/contact\/#primaryimage\",\"url\":\"https:\/\/oranzovaobalka.sk\/wp-content\/uploads\/2023\/06\/iso9001-6ffb2f4cac102ebc72864b3309e1481d.png\",\"contentUrl\":\"https:\/\/oranzovaobalka.sk\/wp-content\/uploads\/2023\/06\/iso9001-6ffb2f4cac102ebc72864b3309e1481d.png\"},{\"@type\":\"BreadcrumbList\",\"@id\":\"https:\/\/oranzovaobalka.sk\/en\/contact\/#breadcrumb\",\"itemListElement\":[{\"@type\":\"ListItem\",\"position\":1,\"name\":\"Home\",\"item\":\"https:\/\/oranzovaobalka.sk\/en\/homepage-2\/\"},{\"@type\":\"ListItem\",\"position\":2,\"name\":\"Contact\"}]},{\"@type\":\"WebSite\",\"@id\":\"https:\/\/oranzovaobalka.sk\/en\/#website\",\"url\":\"https:\/\/oranzovaobalka.sk\/en\/\",\"name\":\"Oran\u017eov\u00e1 Ob\u00e1lka\",\"description\":\"Just another WordPress site\",\"publisher\":{\"@id\":\"https:\/\/oranzovaobalka.sk\/en\/#organization\"},\"potentialAction\":[{\"@type\":\"SearchAction\",\"target\":{\"@type\":\"EntryPoint\",\"urlTemplate\":\"https:\/\/oranzovaobalka.sk\/en\/?s={search_term_string}\"},\"query-input\":{\"@type\":\"PropertyValueSpecification\",\"valueRequired\":true,\"valueName\":\"search_term_string\"}}],\"inLanguage\":\"en-US\"},{\"@type\":\"Organization\",\"@id\":\"https:\/\/oranzovaobalka.sk\/en\/#organization\",\"name\":\"Oran\u017eov\u00e1 Ob\u00e1lka\",\"url\":\"https:\/\/oranzovaobalka.sk\/en\/\",\"logo\":{\"@type\":\"ImageObject\",\"inLanguage\":\"en-US\",\"@id\":\"https:\/\/oranzovaobalka.sk\/en\/#\/schema\/logo\/image\/\",\"url\":\"https:\/\/oranzovaobalka.sk\/wp-content\/uploads\/2023\/05\/cropped-cropped-tim-OO-pic.png\",\"contentUrl\":\"https:\/\/oranzovaobalka.sk\/wp-content\/uploads\/2023\/05\/cropped-cropped-tim-OO-pic.png\",\"width\":834,\"height\":834,\"caption\":\"Oran\u017eov\u00e1 Ob\u00e1lka\"},\"image\":{\"@id\":\"https:\/\/oranzovaobalka.sk\/en\/#\/schema\/logo\/image\/\"},\"sameAs\":[\"https:\/\/www.facebook.com\/oranzovaobalka\",\"https:\/\/www.instagram.com\/oranzova_obalka\/\"]}]}<\/script>\n<!-- \/ Yoast SEO plugin. -->","yoast_head_json":{"title":"Contact &#8226; Oran\u017eov\u00e1 Ob\u00e1lka","description":"Need help? Contact us. Get in touch and we'll be happy to help. The operator of the Orange Envelope portal is METTERIS, spol. s.r.o.","robots":{"index":"index","follow":"follow","max-snippet":"max-snippet:-1","max-image-preview":"max-image-preview:large","max-video-preview":"max-video-preview:-1"},"canonical":"https:\/\/oranzovaobalka.sk\/en\/contact\/","og_locale":"en_US","og_type":"article","og_title":"Contact &#8226; Oran\u017eov\u00e1 Ob\u00e1lka","og_description":"Need help? Contact us. Get in touch and we'll be happy to help. The operator of the Orange Envelope portal is METTERIS, spol. s.r.o.","og_url":"https:\/\/oranzovaobalka.sk\/en\/contact\/","og_site_name":"Oran\u017eov\u00e1 Ob\u00e1lka","article_publisher":"https:\/\/www.facebook.com\/oranzovaobalka","article_modified_time":"2023-07-24T11:57:43+00:00","og_image":[{"url":"https:\/\/oranzovaobalka.sk\/wp-content\/uploads\/2023\/06\/iso9001-6ffb2f4cac102ebc72864b3309e1481d.png","type":"","width":"","height":""}],"twitter_card":"summary_large_image","schema":{"@context":"https:\/\/schema.org","@graph":[{"@type":"WebPage","@id":"https:\/\/oranzovaobalka.sk\/en\/contact\/","url":"https:\/\/oranzovaobalka.sk\/en\/contact\/","name":"Contact &#8226; Oran\u017eov\u00e1 Ob\u00e1lka","isPartOf":{"@id":"https:\/\/oranzovaobalka.sk\/en\/#website"},"primaryImageOfPage":{"@id":"https:\/\/oranzovaobalka.sk\/en\/contact\/#primaryimage"},"image":{"@id":"https:\/\/oranzovaobalka.sk\/en\/contact\/#primaryimage"},"thumbnailUrl":"https:\/\/oranzovaobalka.sk\/wp-content\/uploads\/2023\/06\/iso9001-6ffb2f4cac102ebc72864b3309e1481d.png","datePublished":"2023-05-29T13:06:24+00:00","dateModified":"2023-07-24T11:57:43+00:00","description":"Need help? Contact us. Get in touch and we'll be happy to help. The operator of the Orange Envelope portal is METTERIS, spol. s.r.o.","breadcrumb":{"@id":"https:\/\/oranzovaobalka.sk\/en\/contact\/#breadcrumb"},"inLanguage":"en-US","potentialAction":[{"@type":"ReadAction","target":["https:\/\/oranzovaobalka.sk\/en\/contact\/"]}]},{"@type":"ImageObject","inLanguage":"en-US","@id":"https:\/\/oranzovaobalka.sk\/en\/contact\/#primaryimage","url":"https:\/\/oranzovaobalka.sk\/wp-content\/uploads\/2023\/06\/iso9001-6ffb2f4cac102ebc72864b3309e1481d.png","contentUrl":"https:\/\/oranzovaobalka.sk\/wp-content\/uploads\/2023\/06\/iso9001-6ffb2f4cac102ebc72864b3309e1481d.png"},{"@type":"BreadcrumbList","@id":"https:\/\/oranzovaobalka.sk\/en\/contact\/#breadcrumb","itemListElement":[{"@type":"ListItem","position":1,"name":"Home","item":"https:\/\/oranzovaobalka.sk\/en\/homepage-2\/"},{"@type":"ListItem","position":2,"name":"Contact"}]},{"@type":"WebSite","@id":"https:\/\/oranzovaobalka.sk\/en\/#website","url":"https:\/\/oranzovaobalka.sk\/en\/","name":"Oran\u017eov\u00e1 Ob\u00e1lka","description":"Just another WordPress site","publisher":{"@id":"https:\/\/oranzovaobalka.sk\/en\/#organization"},"potentialAction":[{"@type":"SearchAction","target":{"@type":"EntryPoint","urlTemplate":"https:\/\/oranzovaobalka.sk\/en\/?s={search_term_string}"},"query-input":{"@type":"PropertyValueSpecification","valueRequired":true,"valueName":"search_term_string"}}],"inLanguage":"en-US"},{"@type":"Organization","@id":"https:\/\/oranzovaobalka.sk\/en\/#organization","name":"Oran\u017eov\u00e1 Ob\u00e1lka","url":"https:\/\/oranzovaobalka.sk\/en\/","logo":{"@type":"ImageObject","inLanguage":"en-US","@id":"https:\/\/oranzovaobalka.sk\/en\/#\/schema\/logo\/image\/","url":"https:\/\/oranzovaobalka.sk\/wp-content\/uploads\/2023\/05\/cropped-cropped-tim-OO-pic.png","contentUrl":"https:\/\/oranzovaobalka.sk\/wp-content\/uploads\/2023\/05\/cropped-cropped-tim-OO-pic.png","width":834,"height":834,"caption":"Oran\u017eov\u00e1 Ob\u00e1lka"},"image":{"@id":"https:\/\/oranzovaobalka.sk\/en\/#\/schema\/logo\/image\/"},"sameAs":["https:\/\/www.facebook.com\/oranzovaobalka","https:\/\/www.instagram.com\/oranzova_obalka\/"]}]}},"_links":{"self":[{"href":"https:\/\/oranzovaobalka.sk\/en\/wp-json\/wp\/v2\/pages\/3137","targetHints":{"allow":["GET"]}}],"collection":[{"href":"https:\/\/oranzovaobalka.sk\/en\/wp-json\/wp\/v2\/pages"}],"about":[{"href":"https:\/\/oranzovaobalka.sk\/en\/wp-json\/wp\/v2\/types\/page"}],"author":[{"embeddable":true,"href":"https:\/\/oranzovaobalka.sk\/en\/wp-json\/wp\/v2\/users\/1"}],"replies":[{"embeddable":true,"href":"https:\/\/oranzovaobalka.sk\/en\/wp-json\/wp\/v2\/comments?post=3137"}],"version-history":[{"count":0,"href":"https:\/\/oranzovaobalka.sk\/en\/wp-json\/wp\/v2\/pages\/3137\/revisions"}],"wp:attachment":[{"href":"https:\/\/oranzovaobalka.sk\/en\/wp-json\/wp\/v2\/media?parent=3137"}],"curies":[{"name":"wp","href":"https:\/\/api.w.org\/{rel}","templated":true}]}}