{"id":3766,"date":"2023-07-18T22:18:14","date_gmt":"2023-07-18T22:18:14","guid":{"rendered":"https:\/\/oranzovaobalka.sk\/?page_id=3766"},"modified":"2023-07-18T22:18:44","modified_gmt":"2023-07-18T22:18:44","slug":"test","status":"publish","type":"page","link":"https:\/\/oranzovaobalka.sk\/en\/test\/","title":{"rendered":"Test"},"content":{"rendered":"\t\t<div data-elementor-type=\"wp-page\" data-elementor-id=\"3766\" class=\"elementor elementor-3766\" data-elementor-post-type=\"page\">\n\t\t\t\t<div class=\"elementor-element elementor-element-a666718 e-flex e-con-boxed e-con e-parent\" data-id=\"a666718\" data-element_type=\"container\" data-e-type=\"container\">\n\t\t\t\t\t<div class=\"e-con-inner\">\n\t\t\t\t<div class=\"elementor-element elementor-element-5c13be0 elementor-widget elementor-widget-heading\" data-id=\"5c13be0\" data-element_type=\"widget\" data-e-type=\"widget\" data-widget_type=\"heading.default\">\n\t\t\t\t<div class=\"elementor-widget-container\">\n\t\t\t\t\t<h2 class=\"elementor-heading-title elementor-size-default\"><a href=\"#elementor-action%3Aaction%3Dpopup%3Aopen%26settings%3DeyJpZCI6Mzc1OSwidG9nZ2xlIjpmYWxzZX0%3D\">Sem vlo\u017ete text nadpisu<\/a><\/h2>\t\t\t\t<\/div>\n\t\t\t\t<\/div>\n\t\t\t\t\t<\/div>\n\t\t\t\t<\/div>\n\t\t\t\t<\/div>\n\t\t","protected":false},"excerpt":{"rendered":"<p>Sem vlo\u017ete text nadpisu<\/p>\n","protected":false},"author":1,"featured_media":0,"parent":0,"menu_order":0,"comment_status":"closed","ping_status":"closed","template":"","meta":{"footnotes":""},"class_list":["post-3766","page","type-page","status-publish","hentry"],"acf":[],"yoast_head":"<!-- This site is optimized with the Yoast SEO plugin v26.9 - https:\/\/yoast.com\/product\/yoast-seo-wordpress\/ -->\n<title>Test &#8226; Oran\u017eov\u00e1 Ob\u00e1lka<\/title>\n<meta name=\"robots\" content=\"index, follow, max-snippet:-1, max-image-preview:large, max-video-preview:-1\" \/>\n<link rel=\"canonical\" href=\"https:\/\/oranzovaobalka.sk\/en\/test\/\" \/>\n<meta property=\"og:locale\" content=\"en_US\" \/>\n<meta property=\"og:type\" content=\"article\" \/>\n<meta property=\"og:title\" content=\"Test &#8226; Oran\u017eov\u00e1 Ob\u00e1lka\" \/>\n<meta property=\"og:description\" content=\"Sem vlo\u017ete text nadpisu\" \/>\n<meta property=\"og:url\" content=\"https:\/\/oranzovaobalka.sk\/en\/test\/\" \/>\n<meta property=\"og:site_name\" content=\"Oran\u017eov\u00e1 Ob\u00e1lka\" \/>\n<meta property=\"article:publisher\" content=\"https:\/\/www.facebook.com\/oranzovaobalka\" \/>\n<meta property=\"article:modified_time\" content=\"2023-07-18T22:18:44+00:00\" \/>\n<meta name=\"twitter:card\" content=\"summary_large_image\" \/>\n<meta name=\"twitter:label1\" content=\"Est. reading time\" \/>\n\t<meta name=\"twitter:data1\" content=\"1 minute\" \/>\n<script type=\"application\/ld+json\" class=\"yoast-schema-graph\">{\"@context\":\"https:\/\/schema.org\",\"@graph\":[{\"@type\":\"WebPage\",\"@id\":\"https:\/\/oranzovaobalka.sk\/en\/test\/\",\"url\":\"https:\/\/oranzovaobalka.sk\/en\/test\/\",\"name\":\"Test &#8226; Oran\u017eov\u00e1 Ob\u00e1lka\",\"isPartOf\":{\"@id\":\"https:\/\/oranzovaobalka.sk\/en\/#website\"},\"datePublished\":\"2023-07-18T22:18:14+00:00\",\"dateModified\":\"2023-07-18T22:18:44+00:00\",\"breadcrumb\":{\"@id\":\"https:\/\/oranzovaobalka.sk\/en\/test\/#breadcrumb\"},\"inLanguage\":\"en-US\",\"potentialAction\":[{\"@type\":\"ReadAction\",\"target\":[\"https:\/\/oranzovaobalka.sk\/en\/test\/\"]}]},{\"@type\":\"BreadcrumbList\",\"@id\":\"https:\/\/oranzovaobalka.sk\/en\/test\/#breadcrumb\",\"itemListElement\":[{\"@type\":\"ListItem\",\"position\":1,\"name\":\"Home\",\"item\":\"https:\/\/oranzovaobalka.sk\/en\/homepage-2\/\"},{\"@type\":\"ListItem\",\"position\":2,\"name\":\"Test\"}]},{\"@type\":\"WebSite\",\"@id\":\"https:\/\/oranzovaobalka.sk\/en\/#website\",\"url\":\"https:\/\/oranzovaobalka.sk\/en\/\",\"name\":\"Oran\u017eov\u00e1 Ob\u00e1lka\",\"description\":\"Just another WordPress site\",\"publisher\":{\"@id\":\"https:\/\/oranzovaobalka.sk\/en\/#organization\"},\"potentialAction\":[{\"@type\":\"SearchAction\",\"target\":{\"@type\":\"EntryPoint\",\"urlTemplate\":\"https:\/\/oranzovaobalka.sk\/en\/?s={search_term_string}\"},\"query-input\":{\"@type\":\"PropertyValueSpecification\",\"valueRequired\":true,\"valueName\":\"search_term_string\"}}],\"inLanguage\":\"en-US\"},{\"@type\":\"Organization\",\"@id\":\"https:\/\/oranzovaobalka.sk\/en\/#organization\",\"name\":\"Oran\u017eov\u00e1 Ob\u00e1lka\",\"url\":\"https:\/\/oranzovaobalka.sk\/en\/\",\"logo\":{\"@type\":\"ImageObject\",\"inLanguage\":\"en-US\",\"@id\":\"https:\/\/oranzovaobalka.sk\/en\/#\/schema\/logo\/image\/\",\"url\":\"https:\/\/oranzovaobalka.sk\/wp-content\/uploads\/2023\/05\/cropped-cropped-tim-OO-pic.png\",\"contentUrl\":\"https:\/\/oranzovaobalka.sk\/wp-content\/uploads\/2023\/05\/cropped-cropped-tim-OO-pic.png\",\"width\":834,\"height\":834,\"caption\":\"Oran\u017eov\u00e1 Ob\u00e1lka\"},\"image\":{\"@id\":\"https:\/\/oranzovaobalka.sk\/en\/#\/schema\/logo\/image\/\"},\"sameAs\":[\"https:\/\/www.facebook.com\/oranzovaobalka\",\"https:\/\/www.instagram.com\/oranzova_obalka\/\"]}]}<\/script>\n<!-- \/ Yoast SEO plugin. -->","yoast_head_json":{"title":"Test &#8226; Oran\u017eov\u00e1 Ob\u00e1lka","robots":{"index":"index","follow":"follow","max-snippet":"max-snippet:-1","max-image-preview":"max-image-preview:large","max-video-preview":"max-video-preview:-1"},"canonical":"https:\/\/oranzovaobalka.sk\/en\/test\/","og_locale":"en_US","og_type":"article","og_title":"Test &#8226; Oran\u017eov\u00e1 Ob\u00e1lka","og_description":"Sem vlo\u017ete text nadpisu","og_url":"https:\/\/oranzovaobalka.sk\/en\/test\/","og_site_name":"Oran\u017eov\u00e1 Ob\u00e1lka","article_publisher":"https:\/\/www.facebook.com\/oranzovaobalka","article_modified_time":"2023-07-18T22:18:44+00:00","twitter_card":"summary_large_image","twitter_misc":{"Est. reading time":"1 minute"},"schema":{"@context":"https:\/\/schema.org","@graph":[{"@type":"WebPage","@id":"https:\/\/oranzovaobalka.sk\/en\/test\/","url":"https:\/\/oranzovaobalka.sk\/en\/test\/","name":"Test &#8226; Oran\u017eov\u00e1 Ob\u00e1lka","isPartOf":{"@id":"https:\/\/oranzovaobalka.sk\/en\/#website"},"datePublished":"2023-07-18T22:18:14+00:00","dateModified":"2023-07-18T22:18:44+00:00","breadcrumb":{"@id":"https:\/\/oranzovaobalka.sk\/en\/test\/#breadcrumb"},"inLanguage":"en-US","potentialAction":[{"@type":"ReadAction","target":["https:\/\/oranzovaobalka.sk\/en\/test\/"]}]},{"@type":"BreadcrumbList","@id":"https:\/\/oranzovaobalka.sk\/en\/test\/#breadcrumb","itemListElement":[{"@type":"ListItem","position":1,"name":"Home","item":"https:\/\/oranzovaobalka.sk\/en\/homepage-2\/"},{"@type":"ListItem","position":2,"name":"Test"}]},{"@type":"WebSite","@id":"https:\/\/oranzovaobalka.sk\/en\/#website","url":"https:\/\/oranzovaobalka.sk\/en\/","name":"Oran\u017eov\u00e1 Ob\u00e1lka","description":"Just another WordPress site","publisher":{"@id":"https:\/\/oranzovaobalka.sk\/en\/#organization"},"potentialAction":[{"@type":"SearchAction","target":{"@type":"EntryPoint","urlTemplate":"https:\/\/oranzovaobalka.sk\/en\/?s={search_term_string}"},"query-input":{"@type":"PropertyValueSpecification","valueRequired":true,"valueName":"search_term_string"}}],"inLanguage":"en-US"},{"@type":"Organization","@id":"https:\/\/oranzovaobalka.sk\/en\/#organization","name":"Oran\u017eov\u00e1 Ob\u00e1lka","url":"https:\/\/oranzovaobalka.sk\/en\/","logo":{"@type":"ImageObject","inLanguage":"en-US","@id":"https:\/\/oranzovaobalka.sk\/en\/#\/schema\/logo\/image\/","url":"https:\/\/oranzovaobalka.sk\/wp-content\/uploads\/2023\/05\/cropped-cropped-tim-OO-pic.png","contentUrl":"https:\/\/oranzovaobalka.sk\/wp-content\/uploads\/2023\/05\/cropped-cropped-tim-OO-pic.png","width":834,"height":834,"caption":"Oran\u017eov\u00e1 Ob\u00e1lka"},"image":{"@id":"https:\/\/oranzovaobalka.sk\/en\/#\/schema\/logo\/image\/"},"sameAs":["https:\/\/www.facebook.com\/oranzovaobalka","https:\/\/www.instagram.com\/oranzova_obalka\/"]}]}},"_links":{"self":[{"href":"https:\/\/oranzovaobalka.sk\/en\/wp-json\/wp\/v2\/pages\/3766","targetHints":{"allow":["GET"]}}],"collection":[{"href":"https:\/\/oranzovaobalka.sk\/en\/wp-json\/wp\/v2\/pages"}],"about":[{"href":"https:\/\/oranzovaobalka.sk\/en\/wp-json\/wp\/v2\/types\/page"}],"author":[{"embeddable":true,"href":"https:\/\/oranzovaobalka.sk\/en\/wp-json\/wp\/v2\/users\/1"}],"replies":[{"embeddable":true,"href":"https:\/\/oranzovaobalka.sk\/en\/wp-json\/wp\/v2\/comments?post=3766"}],"version-history":[{"count":0,"href":"https:\/\/oranzovaobalka.sk\/en\/wp-json\/wp\/v2\/pages\/3766\/revisions"}],"wp:attachment":[{"href":"https:\/\/oranzovaobalka.sk\/en\/wp-json\/wp\/v2\/media?parent=3766"}],"curies":[{"name":"wp","href":"https:\/\/api.w.org\/{rel}","templated":true}]}}